{"id":12,"date":"2023-04-30T08:59:28","date_gmt":"2023-04-30T08:59:28","guid":{"rendered":"https:\/\/barthaapartman.hu\/?page_id=12"},"modified":"2023-05-01T16:17:23","modified_gmt":"2023-05-01T16:17:23","slug":"tudnivalok","status":"publish","type":"page","link":"https:\/\/barthaapartman.hu\/index.php\/tudnivalok\/","title":{"rendered":"Tudnival\u00f3k"},"content":{"rendered":"<p>[et_pb_section fb_built=&#8221;1&#8243; _builder_version=&#8221;4.19.2&#8243; _module_preset=&#8221;default&#8221; custom_margin=&#8221;||0px||false|false&#8221; custom_padding=&#8221;||0px||false|false&#8221; global_colors_info=&#8221;{}&#8221;][et_pb_row column_structure=&#8221;3_5,2_5&#8243; _builder_version=&#8221;4.19.2&#8243; _module_preset=&#8221;default&#8221; custom_margin=&#8221;0px||0px||true|false&#8221; custom_padding=&#8221;0px||0px||true|false&#8221; global_colors_info=&#8221;{}&#8221;][et_pb_column type=&#8221;3_5&#8243; _builder_version=&#8221;4.19.2&#8243; _module_preset=&#8221;default&#8221; global_colors_info=&#8221;{}&#8221;][et_pb_image src=&#8221;https:\/\/barthaapartman.hu\/wp-content\/uploads\/2023\/04\/ikon_terkep2-e1682871304182.jpg&#8221; title_text=&#8221;ikon_terkep2&#8243; _builder_version=&#8221;4.19.2&#8243; _module_preset=&#8221;default&#8221; custom_margin=&#8221;|-16px||||&#8221; hover_enabled=&#8221;0&#8243; global_colors_info=&#8221;{}&#8221; box_shadow_style=&#8221;preset1&#8243; sticky_enabled=&#8221;0&#8243;][\/et_pb_image][\/et_pb_column][et_pb_column type=&#8221;2_5&#8243; _builder_version=&#8221;4.19.2&#8243; _module_preset=&#8221;default&#8221; global_colors_info=&#8221;{}&#8221;][et_pb_text _builder_version=&#8221;4.19.2&#8243; _module_preset=&#8221;default&#8221; global_colors_info=&#8221;{}&#8221;]<\/p>\n<p><strong>T\u00e1vols\u00e1gok:<\/strong><\/p>\n<p>\u2013 Szabad strand 200 m \/ 3 perc gyalog<\/p>\n<p>\u2013 Lidl 300 m \/ 4 perc gyalog<\/p>\n<p>\u2013 Kajak, kenu, ker\u00e9kp\u00e1r b\u00e9rl\u00e9s \/ 8 perc gyalog<\/p>\n<p>\u2013 D\u00e9li part legnagyobb piaca \/ 15 perc gyalog<\/p>\n<p>\u2013 Fony\u00f3di k\u00f6zpont \/ 16 perc gyalog<\/p>\n<p>\u2013 Vas\u00fat\u00e1llom\u00e1s \/ 16 perc gyalog<\/p>\n<p>\u2013 Fony\u00f3dligeti k\u00f6zpont \/ 16 perc gyalog<\/p>\n<p>\u2013 M\u00e9lyv\u00edzi strand \/ 4 perc aut\u00f3val<\/p>\n<p>\u2013 Term\u00e1lf\u00fcrd\u0151 \/ 14 perc aut\u00f3val<\/p>\n<p>&nbsp;<\/p>\n<p>[\/et_pb_text][\/et_pb_column][\/et_pb_row][et_pb_row _builder_version=&#8221;4.19.2&#8243; _module_preset=&#8221;default&#8221; custom_margin=&#8221;0px||0px||true|false&#8221; custom_padding=&#8221;0px||0px||true|false&#8221; global_colors_info=&#8221;{}&#8221;][et_pb_column type=&#8221;4_4&#8243; _builder_version=&#8221;4.19.2&#8243; _module_preset=&#8221;default&#8221; global_colors_info=&#8221;{}&#8221;][et_pb_text _builder_version=&#8221;4.19.2&#8243; _module_preset=&#8221;default&#8221; global_colors_info=&#8221;{}&#8221;]<\/p>\n<p><strong>\u00c9rkez\u00e9s \u00e9s t\u00e1voz\u00e1s<\/strong><br \/>A nyaral\u00f3h\u00e1zat \u00e9s a vend\u00e9gh\u00e1zat az \u00e9rkez\u00e9s napj\u00e1n 14:00 \u00f3r\u00e1t\u00f3l lehet elfoglalni, \u00e9s a hazautaz\u00e1s napj\u00e1n 10:00 \u00f3r\u00e1ig kell elhagyni.<\/p>\n<p><strong>Turnusv\u00e1lt\u00e1s<\/strong><br \/>A nyaral\u00f3h\u00e1z heti turnusv\u00e1lt\u00e1sa szombatonk\u00e9nt t\u00f6rt\u00e9nik.<br \/>A vend\u00e9gh\u00e1z heti turnusv\u00e1lt\u00e1sa vas\u00e1rnaponk\u00e9nt t\u00f6rt\u00e9nik.<\/p>\n<p><strong>Extra szolg\u00e1ltat\u00e1sok<\/strong><br \/>\u2013 Grillez\u00e9si, bogr\u00e1csoz\u00e1si \u00e9s t\u00e1rcs\u00e1z\u00e1si lehet\u0151s\u00e9g (Bogr\u00e1csoz\u00e1shoz \u00e9s t\u00e1rcs\u00e1z\u00e1shoz a t\u0171zif\u00e1t \u00e9s a sz\u00fcks\u00e9ges eszk\u00f6z\u00f6ket biztos\u00edtjuk)<br \/>\u2013 Ajt\u00f3kon \u00e9s ablakokon sz\u00fanyogh\u00e1l\u00f3<br \/>\u2013 M\u0171anyag ny\u00edl\u00e1sz\u00e1r\u00f3kon h\u0151v\u00e9d\u0151 f\u00f3lia \u00e9s red\u0151ny<br \/>\u2013 Ingyenes WIFI lehet\u0151s\u00e9g<br \/>\u2013 Opcion\u00e1lis kl\u00edmahaszn\u00e1lat<br \/>\u2013 Z\u00e1rt parkol\u00e1si lehet\u0151s\u00e9g<\/p>\n<p><strong>Felel\u0151ss\u00e9gv\u00e1llal\u00e1s<\/strong><br \/>A nyaral\u00f3h\u00e1zhoz \u00e9s a vend\u00e9gh\u00e1zhoz tartoz\u00f3 eszk\u00f6z\u00f6ket (t\u0171zhely, konyhai felszerel\u00e9sek, erk\u00e9ly stb.) kedves vend\u00e9geink kiz\u00e1r\u00f3lag saj\u00e1t felel\u0151ss\u00e9gre haszn\u00e1lhatj\u00e1k. A sz\u00e1ll\u00e1sad\u00f3 nem v\u00e1llal felel\u0151ss\u00e9get az eszk\u00f6z\u00f6k haszn\u00e1lat\u00e1b\u00f3l ered\u0151 szem\u00e9lyi s\u00e9r\u00fcl\u00e9sek\u00e9rt, vagyoni k\u00e1rok\u00e9rt, illetve \u0151rizetlen\u00fcl hagyott \u00e9rt\u00e9kt\u00e1rgyak\u00e9rt. A nyaral\u00f3h\u00e1zban \u00e9s a vend\u00e9gh\u00e1zban tilos a doh\u00e1nyz\u00e1s. A doh\u00e1nyz\u00e1sra kijel\u00f6lt hely az udvar, teraszok \u00e9s erk\u00e9lyek.<\/p>\n<p><strong>Lemond\u00e1si felt\u00e9telek<\/strong><br \/>Lemond\u00e1s eset\u00e9n a foglal\u00f3t nem \u00e1ll m\u00f3dunkban visszafizetni. A lefoglalt id\u0151pontn\u00e1l kor\u00e1bbi t\u00e1voz\u00e1s eset\u00e9n a sz\u00e1ll\u00e1sd\u00edjat nem \u00e1ll m\u00f3dunkban sem r\u00e9szben, sem eg\u00e9sz\u00e9ben visszat\u00e9r\u00edteni.<\/p>\n<p>[\/et_pb_text][\/et_pb_column][\/et_pb_row][\/et_pb_section]<\/p>\n","protected":false},"excerpt":{"rendered":"<p>T\u00e1vols\u00e1gok: \u2013 Szabad strand 200 m \/ 3 perc gyalog \u2013 Lidl 300 m \/ 4 perc gyalog \u2013 Kajak, kenu, ker\u00e9kp\u00e1r b\u00e9rl\u00e9s \/ 8 perc gyalog \u2013 D\u00e9li part legnagyobb piaca \/ 15 perc gyalog \u2013 Fony\u00f3di k\u00f6zpont \/ 16 perc gyalog \u2013 Vas\u00fat\u00e1llom\u00e1s \/ 16 perc gyalog \u2013 Fony\u00f3dligeti k\u00f6zpont \/ 16 perc [&hellip;]<\/p>\n","protected":false},"author":1,"featured_media":0,"parent":0,"menu_order":4,"comment_status":"closed","ping_status":"closed","template":"","meta":{"_et_pb_use_builder":"on","_et_pb_old_content":"","_et_gb_content_width":""},"_links":{"self":[{"href":"https:\/\/barthaapartman.hu\/index.php\/wp-json\/wp\/v2\/pages\/12"}],"collection":[{"href":"https:\/\/barthaapartman.hu\/index.php\/wp-json\/wp\/v2\/pages"}],"about":[{"href":"https:\/\/barthaapartman.hu\/index.php\/wp-json\/wp\/v2\/types\/page"}],"author":[{"embeddable":true,"href":"https:\/\/barthaapartman.hu\/index.php\/wp-json\/wp\/v2\/users\/1"}],"replies":[{"embeddable":true,"href":"https:\/\/barthaapartman.hu\/index.php\/wp-json\/wp\/v2\/comments?post=12"}],"version-history":[{"count":6,"href":"https:\/\/barthaapartman.hu\/index.php\/wp-json\/wp\/v2\/pages\/12\/revisions"}],"predecessor-version":[{"id":227,"href":"https:\/\/barthaapartman.hu\/index.php\/wp-json\/wp\/v2\/pages\/12\/revisions\/227"}],"wp:attachment":[{"href":"https:\/\/barthaapartman.hu\/index.php\/wp-json\/wp\/v2\/media?parent=12"}],"curies":[{"name":"wp","href":"https:\/\/api.w.org\/{rel}","templated":true}]}}