{"id":14,"date":"2023-04-30T08:59:40","date_gmt":"2023-04-30T08:59:40","guid":{"rendered":"https:\/\/barthaapartman.hu\/?page_id=14"},"modified":"2026-03-14T17:10:01","modified_gmt":"2026-03-14T17:10:01","slug":"arak","status":"publish","type":"page","link":"https:\/\/barthaapartman.hu\/index.php\/arak\/","title":{"rendered":"\u00c1rak"},"content":{"rendered":"<p>[et_pb_section fb_built=&#8221;1&#8243; _builder_version=&#8221;4.19.2&#8243; _module_preset=&#8221;default&#8221; custom_margin=&#8221;||0px||false|false&#8221; custom_padding=&#8221;||0px||false|false&#8221; global_colors_info=&#8221;{}&#8221;][et_pb_row _builder_version=&#8221;4.19.2&#8243; _module_preset=&#8221;default&#8221; custom_margin=&#8221;0px||20px||false|false&#8221; custom_padding=&#8221;0px||0px||true|false&#8221; border_color_all=&#8221;#FFFFFF&#8221; global_colors_info=&#8221;{}&#8221;][et_pb_column type=&#8221;4_4&#8243; _builder_version=&#8221;4.19.2&#8243; _module_preset=&#8221;default&#8221; global_colors_info=&#8221;{}&#8221;][et_pb_text _builder_version=&#8221;4.19.2&#8243; _module_preset=&#8221;default&#8221; border_color_all=&#8221;#FFFFFF&#8221; global_colors_info=&#8221;{}&#8221;]<\/p>\n<p>&nbsp;<\/p>\n<table style=\"border-collapse: collapse; width: 100%; height: 50px;\" border=\"1\">\n<tbody>\n<tr style=\"height: 10px;\">\n<td style=\"width: 25%; height: 10px; text-align: center;\">\n<h2>2026<\/h2>\n<\/td>\n<td style=\"width: 25%; height: 10px; text-align: center;\">\n<h2>Nyaral\u00f3h\u00e1z<\/h2>\n<\/td>\n<td style=\"width: 25%; height: 10px; text-align: center;\">\n<h2>Vend\u00e9gh\u00e1z<\/h2>\n<\/td>\n<\/tr>\n<tr style=\"height: 10px;\">\n<td style=\"width: 25%; height: 10px; text-align: center;\"><strong>EL\u0150SZEZON<\/strong><br \/><strong>m\u00e1j. 16. &#8211; j\u00fan. 20.<\/strong><\/td>\n<td style=\"width: 25%; height: 10px; text-align: center;\"><strong>1-6 f\u0151 r\u00e9sz\u00e9re:<\/strong><br \/><strong>51.000 Ft \/ \u00e9jszaka<\/strong><br \/>+ tov\u00e1bbi max 2 f\u0151:<br \/>7.000 Ft \/ f\u0151 \/\u00e9j<\/td>\n<td style=\"width: 25%; height: 10px; text-align: center;\"><strong>8 f\u0151 r\u00e9sz\u00e9re:<\/strong><br \/><strong>68.000 Ft \/ \u00e9jszaka<\/strong><br \/>+ tov\u00e1bbi max 4 f\u0151:<br \/>7.000 Ft \/ f\u0151 \/\u00e9j<\/td>\n<\/tr>\n<tr style=\"height: 10px;\">\n<td style=\"width: 25%; height: 10px; text-align: center;\"><strong>F\u0150SZEZON<\/strong><br \/><strong>j\u00fan. 20. &#8211; aug. 22.<\/strong><\/td>\n<td style=\"width: 25%; height: 10px; text-align: center;\"><strong>1-6 f\u0151 r\u00e9sz\u00e9re:<\/strong><br \/><strong>60.000 Ft \/ \u00e9jszaka<\/strong><br \/>+ tov\u00e1bbi max 2 f\u0151:<br \/>8.000 Ft \/ f\u0151 \/\u00e9j<\/td>\n<td style=\"width: 25%; height: 10px; text-align: center;\"><strong>8 f\u0151 r\u00e9sz\u00e9re:<\/strong><br \/><strong>80.000 Ft \/ \u00e9jszaka<\/strong><br \/>+ tov\u00e1bbi max 4 f\u0151:<br \/>8.000 Ft \/ f\u0151 \/\u00e9j<\/td>\n<\/tr>\n<tr style=\"height: 10px;\">\n<td style=\"width: 25%; height: 10px; text-align: center;\"><strong>UT\u00d3SZEZON<\/strong><br \/><strong>aug. 22. &#8211; szept. 26.<\/strong><\/td>\n<td style=\"width: 25%; height: 10px; text-align: center;\"><strong>1-6 f\u0151 r\u00e9sz\u00e9re:<\/strong><br \/><strong>51.000 Ft \/ \u00e9jszaka<\/strong><br \/>+ tov\u00e1bbi max 2 f\u0151:<br \/>7.000 Ft \/ f\u0151 \/\u00e9j<\/td>\n<td style=\"width: 25%; height: 10px; text-align: center;\"><strong>8 f\u0151 r\u00e9sz\u00e9re:<\/strong><br \/><strong>68.000 Ft \/ \u00e9jszaka<\/strong><br \/>+ tov\u00e1bbi max 4 f\u0151:<br \/>7.000 Ft \/ f\u0151 \/\u00e9j<\/td>\n<\/tr>\n<tr style=\"height: 10px;\">\n<td style=\"width: 25%; height: 10px;\"><\/td>\n<td style=\"width: 25%; height: 10px; text-align: center;\">+ idegenforgalmi ad\u00f3 \/ f\u0151 \/ \u00e9j<br \/>18 \u00e9v felett<\/td>\n<td style=\"width: 25%; height: 10px; text-align: center;\">+ idegenforgalmi ad\u00f3 \/ f\u0151 \/ \u00e9j<br \/>18 \u00e9v felett<\/td>\n<\/tr>\n<\/tbody>\n<\/table>\n<p style=\"text-align: center;\">\u00a0<strong>Az \u00e1rak minimum 1 h\u00e9tre \u00e9rtend\u0151ek.<\/strong><\/p>\n<p>[\/et_pb_text][\/et_pb_column][\/et_pb_row][et_pb_row _builder_version=&#8221;4.19.2&#8243; _module_preset=&#8221;default&#8221; custom_margin=&#8221;0px||0px||true|false&#8221; custom_padding=&#8221;0px||0px||true|false&#8221; global_colors_info=&#8221;{}&#8221;][et_pb_column type=&#8221;4_4&#8243; _builder_version=&#8221;4.19.2&#8243; _module_preset=&#8221;default&#8221; global_colors_info=&#8221;{}&#8221;][et_pb_text _builder_version=&#8221;4.19.2&#8243; _module_preset=&#8221;default&#8221; global_colors_info=&#8221;{}&#8221;]<\/p>\n<p><strong>Fizet\u00e9si inform\u00e1ci\u00f3k<\/strong><br \/>\u00c1raink nem tartalmazz\u00e1k az idegenforgalmi ad\u00f3t (500 Ft \/ f\u0151 \/ \u00e9j), amelyet a szolg\u00e1ltat\u00e1s helysz\u00edn\u00e9n kell megfizetni.<br \/>A fizet\u00e9s k\u00e9t r\u00e9szletben t\u00f6rt\u00e9nik:<br \/>1. A foglal\u00e1skor 40% foglal\u00f3 fizetend\u0151 (banki \u00e1tutal\u00e1ssal vagy SZ\u00c9P k\u00e1rty\u00e1val t\u00f6rt\u00e9n\u0151 &#8222;el\u0151refizet\u00e9s&#8221; interneten)<br \/>2. A helysz\u00ednen pedig a h\u00e1tral\u00e9v\u0151 60% ( k\u00e9szp\u00e9nzben vagy SZ\u00c9P k\u00e1rty\u00e1val t\u00f6rt\u00e9n\u0151 telefonos \u00fcgyint\u00e9z\u00e9ssel) + idegenforgalmi ad\u00f3 k\u00e9szp\u00e9nzben.<\/p>\n<p>Kedvezm\u00e9nyezett bankja: Wise Europe SA<br \/>Kedvezm\u00e9nyezett neve: S\u00e1ndorn\u00e9 Bartha<br \/>Kedvezm\u00e9nyezett sz\u00e1mlasz\u00e1ma: 12600016-12379083-11966017<\/p>\n<p><strong>SZ\u00c9P k\u00e1rty\u00e1s fizet\u00e9si inform\u00e1ci\u00f3k<\/strong><br \/>Mindh\u00e1rom SZ\u00c9P k\u00e1rty\u00e1t elfogadjuk: K&amp;H, OTP \u00e9s MKB. Mind a h\u00e1rom zsebr\u0151l (sz\u00e1ll\u00e1s, vend\u00e9gl\u00e1t\u00e1s, szabadid\u0151) el tudjuk fogadni az \u00f6sszeget.<\/p>\n<p><strong>Fizet\u00e9s SZ\u00c9P k\u00e1rty\u00e1val:<\/strong><br \/>1. Meg\u00edrja nek\u00fcnk, hogy milyen t\u00edpus\u00fa SZ\u00c9P k\u00e1rty\u00e1val rendelkezik.<br \/>2. Linket k\u00fcld\u00fcnk az adott SZ\u00c9P k\u00e1rtya foglal\u00e1s menet\u00e9r\u0151l.<br \/>3. Ind\u00edtsa el a k\u00e1rtyatranzakci\u00f3t.<br \/>4. Amennyiben a tranzakci\u00f3 sikeres, email-ben r\u00f6gt\u00f6n visszaigazol\u00e1st k\u00fcld\u00fcnk, hogy az \u00f6sszeg meg\u00e9rkezett \u00e9s a sz\u00e1ll\u00e1st lefoglaltuk.<\/p>\n<p><strong>Lemond\u00e1si felt\u00e9telek<\/strong><br \/>Lemond\u00e1s eset\u00e9n a foglal\u00f3t nem \u00e1ll m\u00f3dunkban visszafizetni. A lefoglalt id\u0151pontn\u00e1l kor\u00e1bbi t\u00e1voz\u00e1s eset\u00e9n a sz\u00e1ll\u00e1sd\u00edjat nem \u00e1ll m\u00f3dunkban sem r\u00e9szben, sem eg\u00e9sz\u00e9ben visszat\u00e9r\u00edteni.<\/p>\n<p>[\/et_pb_text][\/et_pb_column][\/et_pb_row][\/et_pb_section][et_pb_section fb_built=&#8221;1&#8243; _builder_version=&#8221;4.19.2&#8243; _module_preset=&#8221;default&#8221; custom_margin=&#8221;0px||0px||false|false&#8221; custom_padding=&#8221;20px||20px||false|false&#8221; global_colors_info=&#8221;{}&#8221;][et_pb_row _builder_version=&#8221;4.19.2&#8243; _module_preset=&#8221;default&#8221; custom_margin=&#8221;0px||0px||false|false&#8221; custom_padding=&#8221;0px||0px||false|false&#8221; global_colors_info=&#8221;{}&#8221;][et_pb_column type=&#8221;4_4&#8243; _builder_version=&#8221;4.19.2&#8243; _module_preset=&#8221;default&#8221; global_colors_info=&#8221;{}&#8221;][et_pb_blurb _builder_version=&#8221;4.19.2&#8243; _module_preset=&#8221;default&#8221; custom_margin=&#8221;0px||0px||false|false&#8221; custom_padding=&#8221;||||false|false&#8221; global_colors_info=&#8221;{}&#8221;]<\/p>\n<p style=\"text-align: center;\"><strong>SZ\u00c9P K\u00c1RTYA ELFOGAD\u00d3HELY<\/strong><\/p>\n<p>[\/et_pb_blurb][et_pb_image src=&#8221;https:\/\/barthaapartman.hu\/wp-content\/uploads\/2023\/04\/szep-kartya-elfogadohely.png&#8221; title_text=&#8221;szep-kartya-elfogadohely&#8221; align=&#8221;center&#8221; _builder_version=&#8221;4.19.2&#8243; _module_preset=&#8221;default&#8221; custom_margin=&#8221;||||false|false&#8221; custom_padding=&#8221;||||false|false&#8221; global_colors_info=&#8221;{}&#8221;][\/et_pb_image][\/et_pb_column][\/et_pb_row][\/et_pb_section][et_pb_section fb_built=&#8221;1&#8243; _builder_version=&#8221;4.19.2&#8243; _module_preset=&#8221;default&#8221; background_color=&#8221;#0C71C3&#8243; min_height=&#8221;306.4px&#8221; custom_margin=&#8221;10px|0px|0px|0px|false|true&#8221; custom_padding=&#8221;10px||0px||false|false&#8221; global_colors_info=&#8221;{}&#8221;][et_pb_row column_structure=&#8221;1_3,1_3,1_3&#8243; _builder_version=&#8221;4.19.2&#8243; _module_preset=&#8221;default&#8221; custom_margin=&#8221;-10px|auto|0px|auto|false|false&#8221; custom_padding=&#8221;||0px|||&#8221; global_colors_info=&#8221;{}&#8221;][et_pb_column type=&#8221;1_3&#8243; _builder_version=&#8221;4.19.2&#8243; _module_preset=&#8221;default&#8221; global_colors_info=&#8221;{}&#8221;][et_pb_blurb image=&#8221;https:\/\/barthaapartman.hu\/wp-content\/uploads\/2023\/05\/balaton-fonyod-hegy-kilato-vitorlas-domb-panorama-kep-e1682936845417.png&#8221; _builder_version=&#8221;4.19.2&#8243; _module_preset=&#8221;default&#8221; header_font_size=&#8221;0px&#8221; body_font_size=&#8221;0px&#8221; custom_margin=&#8221;0px|0px|0px|0px|false|false&#8221; global_colors_info=&#8221;{}&#8221;][\/et_pb_blurb][et_pb_blurb image=&#8221;https:\/\/barthaapartman.hu\/wp-content\/uploads\/2023\/05\/balaton-fonyod-badacsony-strand-panorama-naplemente-kep-e1682937145285.png&#8221; _builder_version=&#8221;4.19.2&#8243; _module_preset=&#8221;default&#8221; custom_margin=&#8221;0px|0px|0px|0px|true|true&#8221; custom_padding=&#8221;0px|0px|0px|0px|true|true&#8221; global_colors_info=&#8221;{}&#8221;][\/et_pb_blurb][et_pb_blurb image=&#8221;https:\/\/barthaapartman.hu\/wp-content\/uploads\/2023\/05\/balaton-fonyod-molo-badacsony-panorama-kep-e1682937251131.png&#8221; _builder_version=&#8221;4.19.2&#8243; _module_preset=&#8221;default&#8221; custom_margin=&#8221;0px|0px|0px|0px|true|true&#8221; global_colors_info=&#8221;{}&#8221;][\/et_pb_blurb][et_pb_blurb image=&#8221;https:\/\/barthaapartman.hu\/wp-content\/uploads\/2023\/05\/balaton-fonyod-naplemente-horgasz-csonak-kep-e1682937201842.png&#8221; _builder_version=&#8221;4.19.2&#8243; _module_preset=&#8221;default&#8221; custom_margin=&#8221;0px|0px|0px|0px|true|true&#8221; global_colors_info=&#8221;{}&#8221;][\/et_pb_blurb][\/et_pb_column][et_pb_column type=&#8221;1_3&#8243; _builder_version=&#8221;4.19.2&#8243; _module_preset=&#8221;default&#8221; global_colors_info=&#8221;{}&#8221;][et_pb_blurb _builder_version=&#8221;4.19.2&#8243; _module_preset=&#8221;default&#8221; header_text_align=&#8221;center&#8221; body_text_align=&#8221;center&#8221; text_orientation=&#8221;center&#8221; custom_margin=&#8221;60px||||false|false&#8221; custom_margin_tablet=&#8221;60px||||false|false&#8221; custom_margin_phone=&#8221;-30px||||false|false&#8221; custom_margin_last_edited=&#8221;on|phone&#8221; global_colors_info=&#8221;{}&#8221;]<\/p>\n<p style=\"text-align: center;\"><strong><span style=\"color: #ffffff;\">KAPCSOLAT<\/span><\/strong><\/p>\n<p style=\"text-align: center;\"><span style=\"color: #ffffff;\">Fony\u00f3d, Ady Endre utca 83.<\/span><br \/><span style=\"color: #ffffff;\">+36 20 423 &#8211; 1819<\/span><br \/><span style=\"color: #ffffff;\"><a href=\"mailto:info@barthaapartman.hu\" style=\"color: #ffffff;\">info@barthaapartman.hu<\/a><\/span><br \/><span style=\"color: #ffffff;\">www.barthaapartman.hu<\/span><\/p>\n<p>[\/et_pb_blurb][\/et_pb_column][et_pb_column type=&#8221;1_3&#8243; _builder_version=&#8221;4.19.2&#8243; _module_preset=&#8221;default&#8221; global_colors_info=&#8221;{}&#8221;][et_pb_contact_form email=&#8221;barthaapartman@gmail.com&#8221; _builder_version=&#8221;4.19.2&#8243; _module_preset=&#8221;default&#8221; _unique_id=&#8221;3ea26ed3-8ea8-41ba-a56e-6fdd6b6b44fc&#8221; title_text_color=&#8221;#FFFFFF&#8221; captcha_text_color=&#8221;#FFFFFF&#8221; background_color=&#8221;RGBA(255,255,255,0)&#8221; custom_margin_tablet=&#8221;&#8221; custom_margin_phone=&#8221;||20px||false|false&#8221; custom_margin_last_edited=&#8221;on|phone&#8221; global_colors_info=&#8221;{}&#8221;][et_pb_contact_field field_id=&#8221;Name&#8221; field_title=&#8221;N\u00e9v&#8221; _builder_version=&#8221;4.16&#8243; global_colors_info=&#8221;{}&#8221; button_text_size__hover_enabled=&#8221;off&#8221; button_one_text_size__hover_enabled=&#8221;off&#8221; button_two_text_size__hover_enabled=&#8221;off&#8221; button_text_color__hover_enabled=&#8221;off&#8221; button_one_text_color__hover_enabled=&#8221;off&#8221; button_two_text_color__hover_enabled=&#8221;off&#8221; button_border_width__hover_enabled=&#8221;off&#8221; button_one_border_width__hover_enabled=&#8221;off&#8221; button_two_border_width__hover_enabled=&#8221;off&#8221; button_border_color__hover_enabled=&#8221;off&#8221; button_one_border_color__hover_enabled=&#8221;off&#8221; button_two_border_color__hover_enabled=&#8221;off&#8221; button_border_radius__hover_enabled=&#8221;off&#8221; button_one_border_radius__hover_enabled=&#8221;off&#8221; button_two_border_radius__hover_enabled=&#8221;off&#8221; button_letter_spacing__hover_enabled=&#8221;off&#8221; button_one_letter_spacing__hover_enabled=&#8221;off&#8221; button_two_letter_spacing__hover_enabled=&#8221;off&#8221; button_bg_color__hover_enabled=&#8221;off&#8221; button_one_bg_color__hover_enabled=&#8221;off&#8221; button_two_bg_color__hover_enabled=&#8221;off&#8221;][\/et_pb_contact_field][et_pb_contact_field field_id=&#8221;Email&#8221; field_title=&#8221;Email c\u00edm&#8221; field_type=&#8221;email&#8221; _builder_version=&#8221;4.16&#8243; global_colors_info=&#8221;{}&#8221; button_text_size__hover_enabled=&#8221;off&#8221; button_one_text_size__hover_enabled=&#8221;off&#8221; button_two_text_size__hover_enabled=&#8221;off&#8221; button_text_color__hover_enabled=&#8221;off&#8221; button_one_text_color__hover_enabled=&#8221;off&#8221; button_two_text_color__hover_enabled=&#8221;off&#8221; button_border_width__hover_enabled=&#8221;off&#8221; button_one_border_width__hover_enabled=&#8221;off&#8221; button_two_border_width__hover_enabled=&#8221;off&#8221; button_border_color__hover_enabled=&#8221;off&#8221; button_one_border_color__hover_enabled=&#8221;off&#8221; button_two_border_color__hover_enabled=&#8221;off&#8221; button_border_radius__hover_enabled=&#8221;off&#8221; button_one_border_radius__hover_enabled=&#8221;off&#8221; button_two_border_radius__hover_enabled=&#8221;off&#8221; button_letter_spacing__hover_enabled=&#8221;off&#8221; button_one_letter_spacing__hover_enabled=&#8221;off&#8221; button_two_letter_spacing__hover_enabled=&#8221;off&#8221; button_bg_color__hover_enabled=&#8221;off&#8221; button_one_bg_color__hover_enabled=&#8221;off&#8221; button_two_bg_color__hover_enabled=&#8221;off&#8221;][\/et_pb_contact_field][et_pb_contact_field field_id=&#8221;Message&#8221; field_title=&#8221;\u00dczenet&#8221; field_type=&#8221;text&#8221; fullwidth_field=&#8221;on&#8221; _builder_version=&#8221;4.16&#8243; global_colors_info=&#8221;{}&#8221; button_text_size__hover_enabled=&#8221;off&#8221; button_one_text_size__hover_enabled=&#8221;off&#8221; button_two_text_size__hover_enabled=&#8221;off&#8221; button_text_color__hover_enabled=&#8221;off&#8221; button_one_text_color__hover_enabled=&#8221;off&#8221; button_two_text_color__hover_enabled=&#8221;off&#8221; button_border_width__hover_enabled=&#8221;off&#8221; button_one_border_width__hover_enabled=&#8221;off&#8221; button_two_border_width__hover_enabled=&#8221;off&#8221; button_border_color__hover_enabled=&#8221;off&#8221; button_one_border_color__hover_enabled=&#8221;off&#8221; button_two_border_color__hover_enabled=&#8221;off&#8221; button_border_radius__hover_enabled=&#8221;off&#8221; button_one_border_radius__hover_enabled=&#8221;off&#8221; button_two_border_radius__hover_enabled=&#8221;off&#8221; button_letter_spacing__hover_enabled=&#8221;off&#8221; button_one_letter_spacing__hover_enabled=&#8221;off&#8221; button_two_letter_spacing__hover_enabled=&#8221;off&#8221; button_bg_color__hover_enabled=&#8221;off&#8221; button_one_bg_color__hover_enabled=&#8221;off&#8221; button_two_bg_color__hover_enabled=&#8221;off&#8221;][\/et_pb_contact_field][\/et_pb_contact_form][\/et_pb_column][\/et_pb_row][\/et_pb_section][et_pb_section fb_built=&#8221;1&#8243; _builder_version=&#8221;4.19.2&#8243; _module_preset=&#8221;default&#8221; custom_margin=&#8221;0px|0px|0px|0px|true|true&#8221; custom_padding=&#8221;0px||0px||false|false&#8221; global_colors_info=&#8221;{}&#8221;][et_pb_row _builder_version=&#8221;4.19.2&#8243; _module_preset=&#8221;default&#8221; global_colors_info=&#8221;{}&#8221;][et_pb_column type=&#8221;4_4&#8243; _builder_version=&#8221;4.19.2&#8243; _module_preset=&#8221;default&#8221; global_colors_info=&#8221;{}&#8221;][et_pb_blurb _builder_version=&#8221;4.19.2&#8243; _module_preset=&#8221;default&#8221; global_colors_info=&#8221;{}&#8221;]<\/p>\n<p style=\"text-align: center;\">\u00a9 2007 &#8211; 2024 BARTHA APARTMAN, Minden jog fenntartva!<\/p>\n<p>[\/et_pb_blurb][\/et_pb_column][\/et_pb_row][\/et_pb_section]<\/p>\n","protected":false},"excerpt":{"rendered":"<p>&nbsp; 2026 Nyaral\u00f3h\u00e1z Vend\u00e9gh\u00e1z EL\u0150SZEZONm\u00e1j. 16. &#8211; j\u00fan. 20. 1-6 f\u0151 r\u00e9sz\u00e9re:51.000 Ft \/ \u00e9jszaka+ tov\u00e1bbi max 2 f\u0151:7.000 Ft \/ f\u0151 \/\u00e9j 8 f\u0151 r\u00e9sz\u00e9re:68.000 Ft \/ \u00e9jszaka+ tov\u00e1bbi max 4 f\u0151:7.000 Ft \/ f\u0151 \/\u00e9j F\u0150SZEZONj\u00fan. 20. &#8211; aug. 22. 1-6 f\u0151 r\u00e9sz\u00e9re:60.000 Ft \/ \u00e9jszaka+ tov\u00e1bbi max 2 f\u0151:8.000 Ft \/ f\u0151 [&hellip;]<\/p>\n","protected":false},"author":1,"featured_media":0,"parent":0,"menu_order":5,"comment_status":"closed","ping_status":"closed","template":"","meta":{"_et_pb_use_builder":"on","_et_pb_old_content":"","_et_gb_content_width":""},"_links":{"self":[{"href":"https:\/\/barthaapartman.hu\/index.php\/wp-json\/wp\/v2\/pages\/14"}],"collection":[{"href":"https:\/\/barthaapartman.hu\/index.php\/wp-json\/wp\/v2\/pages"}],"about":[{"href":"https:\/\/barthaapartman.hu\/index.php\/wp-json\/wp\/v2\/types\/page"}],"author":[{"embeddable":true,"href":"https:\/\/barthaapartman.hu\/index.php\/wp-json\/wp\/v2\/users\/1"}],"replies":[{"embeddable":true,"href":"https:\/\/barthaapartman.hu\/index.php\/wp-json\/wp\/v2\/comments?post=14"}],"version-history":[{"count":15,"href":"https:\/\/barthaapartman.hu\/index.php\/wp-json\/wp\/v2\/pages\/14\/revisions"}],"predecessor-version":[{"id":350,"href":"https:\/\/barthaapartman.hu\/index.php\/wp-json\/wp\/v2\/pages\/14\/revisions\/350"}],"wp:attachment":[{"href":"https:\/\/barthaapartman.hu\/index.php\/wp-json\/wp\/v2\/media?parent=14"}],"curies":[{"name":"wp","href":"https:\/\/api.w.org\/{rel}","templated":true}]}}