{"id":243,"date":"2023-05-02T16:09:32","date_gmt":"2023-05-02T16:09:32","guid":{"rendered":"https:\/\/barthaapartman.hu\/?page_id=243"},"modified":"2023-05-02T18:31:26","modified_gmt":"2023-05-02T18:31:26","slug":"home","status":"publish","type":"page","link":"https:\/\/barthaapartman.hu\/","title":{"rendered":"Home"},"content":{"rendered":"<p>[et_pb_section fb_built=&#8221;1&#8243; fullwidth=&#8221;on&#8221; theme_builder_area=&#8221;post_content&#8221; _builder_version=&#8221;4.19.2&#8243; _module_preset=&#8221;default&#8221; hover_enabled=&#8221;0&#8243; sticky_enabled=&#8221;0&#8243;][et_pb_fullwidth_image src=&#8221;https:\/\/barthaapartman.hu\/wp-content\/uploads\/2023\/05\/balaton-fonyod-hegy-kilato-vitorlas-domb-panorama-kep-1.png&#8221; _builder_version=&#8221;4.19.2&#8243; _module_preset=&#8221;default&#8221; theme_builder_area=&#8221;post_content&#8221; alt=&#8221;Balaton1&#8243; title_text=&#8221;Balaton1&#8243; hover_enabled=&#8221;0&#8243; sticky_enabled=&#8221;0&#8243;][\/et_pb_fullwidth_image][\/et_pb_section][et_pb_section fb_built=&#8221;1&#8243; _builder_version=&#8221;4.19.2&#8243; _module_preset=&#8221;default&#8221; hover_enabled=&#8221;0&#8243; global_colors_info=&#8221;{}&#8221; sticky_enabled=&#8221;0&#8243; custom_margin=&#8221;0px||0px||true|false&#8221; custom_padding=&#8221;0px||0px||true|false&#8221;][et_pb_row _builder_version=&#8221;4.19.2&#8243; _module_preset=&#8221;default&#8221; hover_enabled=&#8221;0&#8243; global_colors_info=&#8221;{}&#8221; sticky_enabled=&#8221;0&#8243;][et_pb_column type=&#8221;4_4&#8243; _builder_version=&#8221;4.19.2&#8243; _module_preset=&#8221;default&#8221; global_colors_info=&#8221;{}&#8221;][et_pb_text _builder_version=&#8221;4.19.2&#8243; _module_preset=&#8221;default&#8221; hover_enabled=&#8221;0&#8243; sticky_enabled=&#8221;0&#8243;]<\/p>\n<h2 style=\"text-align: center;\">Mi\u00e9rt \u00e9ppen Fony\u00f3d? Mert&#8230;<\/h2>\n<p>[\/et_pb_text][et_pb_text _builder_version=&#8221;4.19.2&#8243; _module_preset=&#8221;default&#8221; hover_enabled=&#8221;0&#8243; global_colors_info=&#8221;{}&#8221; sticky_enabled=&#8221;0&#8243; custom_padding=&#8221;||0px|||&#8221;]<\/p>\n<p style=\"text-align: center;\">\u2026 innen t\u00e1rul szem\u00fcnk el\u00e9 Eur\u00f3pa egyik legszebb panor\u00e1m\u00e1ja!<\/p>\n<p style=\"text-align: center;\">\u2026 11 ingyenes \u00e9s gondozott strand v\u00e1rja a f\u00fcrd\u0151z\u0151 vend\u00e9geket!<\/p>\n<p style=\"text-align: center;\">\u2026 minden szerd\u00e1n \u00e9s szombaton a Balaton k\u00f6rny\u00e9k\u00e9nek legnagyobb piaca vonzza az \u00e9rdekl\u0151d\u0151ket!<\/p>\n<p style=\"text-align: center;\">\u2026 v\u00e1rosunk k\u00f6nnyen el\u00e9rhet\u0151 vas\u00faton, buszon, ker\u00e9kp\u00e1ron, haj\u00f3val valamint aut\u00f3p\u00e1ly\u00e1n, \u00e9s mert parkol\u00f3ink ingyenesek!<\/p>\n<p style=\"text-align: center;\">\u2026 rendszeres haj\u00f3j\u00e1rat indul a t\u00fczes borair\u00f3l \u00e9s term\u00e9szeti sz\u00e9ps\u00e9geir\u0151l h\u00edres Badacsonyba!<\/p>\n<p style=\"text-align: center;\">\u2026 ha \u00e9ppen nincs strandid\u0151 f\u00e9l\u00f3rai aut\u00f3z\u00e1ssal h\u00e9t term\u00e1lf\u00fcrd\u0151 \u00e9rhet\u0151 el!<\/p>\n<p style=\"text-align: center;\">\u2026 a k\u00e9t domb k\u00f6r\u00e9 \u00e9p\u00fclt s\u00e9ta- \u00e9s ker\u00e9kp\u00e1r \u00fatjai kiv\u00e1l\u00f3an seg\u00edtik az akt\u00edv pihen\u00e9st!<\/p>\n<p style=\"text-align: center;\">\u2026 m\u00fazeumunk ki\u00e1ll\u00edt\u00e1sai \u00e9s az egy\u00e9b rendezv\u00e9nyek igazi kultur\u00e1lis \u00e9lm\u00e9nyt ny\u00fajtanak!<\/p>\n<p style=\"text-align: center;\">\u2026 az itt \u00e9l\u0151k vend\u00e9gszeretete, igyekezete az itt nyaral\u00f3k gondtalan pihen\u00e9s\u00e9t szolg\u00e1lj\u00e1k!<\/p>\n<p>[\/et_pb_text][\/et_pb_column][\/et_pb_row][\/et_pb_section]<\/p>\n","protected":false},"excerpt":{"rendered":"<p>Mi\u00e9rt \u00e9ppen Fony\u00f3d? Mert&#8230;\u2026 innen t\u00e1rul szem\u00fcnk el\u00e9 Eur\u00f3pa egyik legszebb panor\u00e1m\u00e1ja! \u2026 11 ingyenes \u00e9s gondozott strand v\u00e1rja a f\u00fcrd\u0151z\u0151 vend\u00e9geket! \u2026 minden szerd\u00e1n \u00e9s szombaton a Balaton k\u00f6rny\u00e9k\u00e9nek legnagyobb piaca vonzza az \u00e9rdekl\u0151d\u0151ket! \u2026 v\u00e1rosunk k\u00f6nnyen el\u00e9rhet\u0151 vas\u00faton, buszon, ker\u00e9kp\u00e1ron, haj\u00f3val valamint aut\u00f3p\u00e1ly\u00e1n, \u00e9s mert parkol\u00f3ink ingyenesek! \u2026 rendszeres haj\u00f3j\u00e1rat indul a t\u00fczes [&hellip;]<\/p>\n","protected":false},"author":1,"featured_media":0,"parent":0,"menu_order":0,"comment_status":"closed","ping_status":"closed","template":"","meta":{"_et_pb_use_builder":"on","_et_pb_old_content":"","_et_gb_content_width":""},"_links":{"self":[{"href":"https:\/\/barthaapartman.hu\/index.php\/wp-json\/wp\/v2\/pages\/243"}],"collection":[{"href":"https:\/\/barthaapartman.hu\/index.php\/wp-json\/wp\/v2\/pages"}],"about":[{"href":"https:\/\/barthaapartman.hu\/index.php\/wp-json\/wp\/v2\/types\/page"}],"author":[{"embeddable":true,"href":"https:\/\/barthaapartman.hu\/index.php\/wp-json\/wp\/v2\/users\/1"}],"replies":[{"embeddable":true,"href":"https:\/\/barthaapartman.hu\/index.php\/wp-json\/wp\/v2\/comments?post=243"}],"version-history":[{"count":5,"href":"https:\/\/barthaapartman.hu\/index.php\/wp-json\/wp\/v2\/pages\/243\/revisions"}],"predecessor-version":[{"id":260,"href":"https:\/\/barthaapartman.hu\/index.php\/wp-json\/wp\/v2\/pages\/243\/revisions\/260"}],"wp:attachment":[{"href":"https:\/\/barthaapartman.hu\/index.php\/wp-json\/wp\/v2\/media?parent=243"}],"curies":[{"name":"wp","href":"https:\/\/api.w.org\/{rel}","templated":true}]}}