{"id":5,"date":"2023-04-30T08:58:30","date_gmt":"2023-04-30T08:58:30","guid":{"rendered":"https:\/\/barthaapartman.hu\/?page_id=5"},"modified":"2023-07-02T18:26:39","modified_gmt":"2023-07-02T18:26:39","slug":"nyaralohaz","status":"publish","type":"page","link":"https:\/\/barthaapartman.hu\/index.php\/nyaralohaz\/","title":{"rendered":"Nyaral\u00f3h\u00e1z"},"content":{"rendered":"<p>[et_pb_section fb_built=&#8221;1&#8243; admin_label=&#8221;section&#8221; _builder_version=&#8221;4.19.2&#8243; custom_margin=&#8221;||0px||false|false&#8221; custom_padding=&#8221;||0px||false|false&#8221; global_colors_info=&#8221;{}&#8221;][et_pb_row _builder_version=&#8221;4.19.2&#8243; _module_preset=&#8221;default&#8221; custom_margin=&#8221;0px||0px||true|false&#8221; custom_padding=&#8221;0px||0px||true|false&#8221; global_colors_info=&#8221;{}&#8221;][et_pb_column type=&#8221;4_4&#8243; _builder_version=&#8221;4.19.2&#8243; _module_preset=&#8221;default&#8221; global_colors_info=&#8221;{}&#8221;][et_pb_text _builder_version=&#8221;4.19.2&#8243; _module_preset=&#8221;default&#8221; global_colors_info=&#8221;{}&#8221;]<\/p>\n<p style=\"text-align: justify;\">A Bartha Nyaral\u00f3h\u00e1z Fony\u00f3d \u00fcd\u00fcl\u0151\u00f6vezet\u00e9ben, a <strong>Balaton<\/strong> d\u00e9li partj\u00e1n, a <strong>szabad strandt\u00f3l 200 m<\/strong>-re fekszik. <strong>Fony\u00f3d k\u00f6zpontja 800 m<\/strong>-re tal\u00e1lhat\u00f3, ahol sz\u00e1mos sz\u00f3rakoz\u00e1si \u00e9s kikapcsol\u00f3d\u00e1si lehet\u0151s\u00e9g v\u00e1rja l\u00e1togat\u00f3it. A nyaral\u00f3h\u00e1zt\u00f3l mind\u00f6ssze 5 perc gyalogl\u00e1ssal <strong>ingyenes<\/strong> <strong>strandol\u00e1si lehet\u0151s\u00e9g<\/strong> k\u00edn\u00e1lkozik. Apartman h\u00e1zunk egy k\u00fcl\u00f6n\u00e1ll\u00f3 \u00e9p\u00fclet, amely a vend\u00e9gh\u00e1zunk mellett tal\u00e1lhat\u00f3. Modern, t\u00e1gas h\u00e1z <strong>6-8 f\u0151 r\u00e9sz\u00e9re<\/strong> kiad\u00f3. Ide\u00e1lis csal\u00e1dok \u00e9s bar\u00e1ti t\u00e1rsas\u00e1gok r\u00e9sz\u00e9re. <strong>Ingyenes WIFI<\/strong> \u00e9s opcion\u00e1lis <strong>kl\u00edmahaszn\u00e1lat<\/strong> biztos\u00edtja, hogy a Bartha Nyaral\u00f3h\u00e1zban semmiben ne szenvedjen hi\u00e1nyt.<\/p>\n<p>[\/et_pb_text][\/et_pb_column][\/et_pb_row][et_pb_row admin_label=&#8221;row&#8221; _builder_version=&#8221;4.16&#8243; background_size=&#8221;initial&#8221; background_position=&#8221;top_left&#8221; background_repeat=&#8221;repeat&#8221; global_colors_info=&#8221;{}&#8221;][et_pb_column type=&#8221;4_4&#8243; _builder_version=&#8221;4.16&#8243; custom_padding=&#8221;|||&#8221; global_colors_info=&#8221;{}&#8221; custom_padding__hover=&#8221;|||&#8221;][et_pb_gallery gallery_ids=&#8221;59,56,54,55,58,57,298,300,299,77,76,51&#8243; posts_number=&#8221;12&#8243; show_title_and_caption=&#8221;off&#8221; _builder_version=&#8221;4.19.2&#8243; _module_preset=&#8221;default&#8221; hover_enabled=&#8221;0&#8243; global_colors_info=&#8221;{}&#8221; sticky_enabled=&#8221;0&#8243;][\/et_pb_gallery][\/et_pb_column][\/et_pb_row][et_pb_row _builder_version=&#8221;4.19.2&#8243; _module_preset=&#8221;default&#8221; custom_margin=&#8221;0px||0px||true|false&#8221; custom_padding=&#8221;0px||0px||true|false&#8221; global_colors_info=&#8221;{}&#8221;][et_pb_column type=&#8221;4_4&#8243; _builder_version=&#8221;4.19.2&#8243; _module_preset=&#8221;default&#8221; global_colors_info=&#8221;{}&#8221;][et_pb_text content_tablet=&#8221;<\/p>\n<p style=%22text-align: center;%22><strong>Nyaral\u00f3h\u00e1zunk 6 \u2013 8 f\u0151 r\u00e9sz\u00e9re kiad\u00f3<\/strong><\/p>\n<p style=%22text-align: left; padding-left: 280px;%22>\u2013 Konyha \u00e9tkez\u0151vel (h\u0171t\u0151szekr\u00e9ny, k\u00e1v\u00e9f\u0151z\u0151, mikro, g\u00e1zt\u0171zhely, konyhai felszerel\u00e9sek)<br \/>\u2013 F\u00fcrd\u0151szoba zuhanyz\u00f3val<br \/>\u2013 3 db szoba (LED TV)<br \/>\u2013 Ajt\u00f3kon \u00e9s ablakokon sz\u00fanyogh\u00e1l\u00f3<br \/>\u2013 M\u0171anyag ny\u00edl\u00e1sz\u00e1r\u00f3kon h\u0151v\u00e9d\u0151 f\u00f3lia \u00e9s red\u0151ny<br \/>\u2013 Ingyenes WIFI lehet\u0151s\u00e9g<br \/>\u2013 Opcion\u00e1lis kl\u00edmahaszn\u00e1lat<br \/>\u2013 2 db terasz<\/p>\n<p style=%22text-align: center;%22>Sz\u00e9pen gondozott kertben grillez\u00e9si, bogr\u00e1csoz\u00e1si \u00e9s t\u00e1rcs\u00e1z\u00e1si lehet\u0151s\u00e9g \u00e1ll a vend\u00e9gek rendelkez\u00e9s\u00e9re.<\/p>\n<p style=%22text-align: center;%22>Az aut\u00f3k sz\u00e1m\u00e1ra<strong> z\u00e1rt parkol\u00e1si lehet\u0151s\u00e9g<\/strong> biztos\u00edtott az udvarban.<\/p>\n<p style=%22text-align: center;%22><strong>Szeretettel v\u00e1runk minden kedves pihenni v\u00e1gy\u00f3 vend\u00e9get!<\/strong><\/p>\n<p>&#8221; content_phone=&#8221;<\/p>\n<p style=%22text-align: center;%22><strong>Nyaral\u00f3h\u00e1zunk 6 \u2013 8 f\u0151 r\u00e9sz\u00e9re kiad\u00f3<\/strong><\/p>\n<p style=%22text-align: left;%22>\u2013 Konyha \u00e9tkez\u0151vel (h\u0171t\u0151szekr\u00e9ny, k\u00e1v\u00e9f\u0151z\u0151, mikro, g\u00e1zt\u0171zhely, konyhai felszerel\u00e9sek)<br \/>\u2013 F\u00fcrd\u0151szoba zuhanyz\u00f3val<br \/>\u2013 3 db szoba (LED TV)<br \/>\u2013 Ajt\u00f3kon \u00e9s ablakokon sz\u00fanyogh\u00e1l\u00f3<br \/>\u2013 M\u0171anyag ny\u00edl\u00e1sz\u00e1r\u00f3kon h\u0151v\u00e9d\u0151 f\u00f3lia \u00e9s red\u0151ny<br \/>\u2013 Ingyenes WIFI lehet\u0151s\u00e9g<br \/>\u2013 Opcion\u00e1lis kl\u00edmahaszn\u00e1lat<br \/>\u2013 2 db terasz<\/p>\n<p style=%22text-align: center;%22>Sz\u00e9pen gondozott kertben grillez\u00e9si, bogr\u00e1csoz\u00e1si \u00e9s t\u00e1rcs\u00e1z\u00e1si lehet\u0151s\u00e9g \u00e1ll a vend\u00e9gek rendelkez\u00e9s\u00e9re.<\/p>\n<p style=%22text-align: center;%22>Az aut\u00f3k sz\u00e1m\u00e1ra<strong> z\u00e1rt parkol\u00e1si lehet\u0151s\u00e9g<\/strong> biztos\u00edtott az udvarban.<\/p>\n<p style=%22text-align: center;%22><strong>Szeretettel v\u00e1runk minden kedves pihenni v\u00e1gy\u00f3 vend\u00e9get!<\/strong><\/p>\n<p>&#8221; content_last_edited=&#8221;on|phone&#8221; _builder_version=&#8221;4.19.2&#8243; _module_preset=&#8221;default&#8221; custom_margin=&#8221;||||false|false&#8221; global_colors_info=&#8221;{}&#8221;]<\/p>\n<p style=\"text-align: center;\"><strong>Nyaral\u00f3h\u00e1zunk 6 \u2013 8 f\u0151 r\u00e9sz\u00e9re kiad\u00f3<\/strong><\/p>\n<p style=\"text-align: left; padding-left: 280px;\">\u2013 Konyha \u00e9tkez\u0151vel (h\u0171t\u0151szekr\u00e9ny, k\u00e1v\u00e9f\u0151z\u0151, mikro, g\u00e1zt\u0171zhely, konyhai felszerel\u00e9sek)<br \/>\u2013 F\u00fcrd\u0151szoba zuhanyz\u00f3val<br \/>\u2013 3 db szoba (LED TV)<br \/>\u2013 Ajt\u00f3kon \u00e9s ablakokon sz\u00fanyogh\u00e1l\u00f3<br \/>\u2013 M\u0171anyag ny\u00edl\u00e1sz\u00e1r\u00f3kon h\u0151v\u00e9d\u0151 f\u00f3lia \u00e9s red\u0151ny<br \/>\u2013 Ingyenes WIFI lehet\u0151s\u00e9g<br \/>\u2013 Opcion\u00e1lis kl\u00edmahaszn\u00e1lat<br \/>\u2013 2 db terasz<\/p>\n<p style=\"text-align: center;\">Sz\u00e9pen gondozott kertben grillez\u00e9si, bogr\u00e1csoz\u00e1si \u00e9s t\u00e1rcs\u00e1z\u00e1si lehet\u0151s\u00e9g \u00e1ll a vend\u00e9gek rendelkez\u00e9s\u00e9re.<\/p>\n<p style=\"text-align: center;\">Az aut\u00f3k sz\u00e1m\u00e1ra<strong> z\u00e1rt parkol\u00e1si lehet\u0151s\u00e9g<\/strong> biztos\u00edtott az udvarban.<\/p>\n<p style=\"text-align: center;\"><strong>Szeretettel v\u00e1runk minden kedves pihenni v\u00e1gy\u00f3 vend\u00e9get!<\/strong><\/p>\n<p>[\/et_pb_text][\/et_pb_column][\/et_pb_row][et_pb_row column_structure=&#8221;1_6,1_6,1_6,1_6,1_6,1_6&#8243; _builder_version=&#8221;4.19.2&#8243; _module_preset=&#8221;default&#8221; global_colors_info=&#8221;{}&#8221;][et_pb_column type=&#8221;1_6&#8243; _builder_version=&#8221;4.19.2&#8243; _module_preset=&#8221;default&#8221; global_colors_info=&#8221;{}&#8221;][et_pb_image src=&#8221;https:\/\/barthaapartman.hu\/wp-content\/uploads\/2023\/05\/bartha-apartman-balaton-fonyod-zart-parkolas.jpg&#8221; title_text=&#8221;bartha-apartman-balaton-fonyod-zart-parkolas&#8221; _builder_version=&#8221;4.19.2&#8243; _module_preset=&#8221;default&#8221; global_colors_info=&#8221;{}&#8221;][\/et_pb_image][\/et_pb_column][et_pb_column type=&#8221;1_6&#8243; _builder_version=&#8221;4.19.2&#8243; _module_preset=&#8221;default&#8221; global_colors_info=&#8221;{}&#8221;][et_pb_image src=&#8221;https:\/\/barthaapartman.hu\/wp-content\/uploads\/2023\/05\/bartha-apartman-balaton-fonyod-strand-furdozes-szabad-strand.jpg&#8221; title_text=&#8221;bartha-apartman-balaton-fonyod-strand-furdozes-szabad-strand&#8221; _builder_version=&#8221;4.19.2&#8243; _module_preset=&#8221;default&#8221; global_colors_info=&#8221;{}&#8221;][\/et_pb_image][\/et_pb_column][et_pb_column type=&#8221;1_6&#8243; _builder_version=&#8221;4.19.2&#8243; _module_preset=&#8221;default&#8221; global_colors_info=&#8221;{}&#8221;][et_pb_image src=&#8221;https:\/\/barthaapartman.hu\/wp-content\/uploads\/2023\/05\/bartha-apartman-balaton-fonyod-szunyogmentes.jpg&#8221; title_text=&#8221;bartha-apartman-balaton-fonyod-szunyogmentes&#8221; _builder_version=&#8221;4.19.2&#8243; _module_preset=&#8221;default&#8221; global_colors_info=&#8221;{}&#8221;][\/et_pb_image][\/et_pb_column][et_pb_column type=&#8221;1_6&#8243; _builder_version=&#8221;4.19.2&#8243; _module_preset=&#8221;default&#8221; global_colors_info=&#8221;{}&#8221;][et_pb_image src=&#8221;https:\/\/barthaapartman.hu\/wp-content\/uploads\/2023\/05\/bartha-apartman-balaton-fonyod-ingyen-wifi.jpg&#8221; title_text=&#8221;bartha-apartman-balaton-fonyod-ingyen-wifi&#8221; _builder_version=&#8221;4.19.2&#8243; _module_preset=&#8221;default&#8221; global_colors_info=&#8221;{}&#8221;][\/et_pb_image][\/et_pb_column][et_pb_column type=&#8221;1_6&#8243; _builder_version=&#8221;4.19.2&#8243; _module_preset=&#8221;default&#8221; global_colors_info=&#8221;{}&#8221;][et_pb_image src=&#8221;https:\/\/barthaapartman.hu\/wp-content\/uploads\/2023\/05\/bartha-apartman-balaton-fonyod-bogracs-grill.jpg&#8221; title_text=&#8221;bartha-apartman-balaton-fonyod-bogracs-grill&#8221; _builder_version=&#8221;4.19.2&#8243; _module_preset=&#8221;default&#8221; global_colors_info=&#8221;{}&#8221;][\/et_pb_image][\/et_pb_column][et_pb_column type=&#8221;1_6&#8243; _builder_version=&#8221;4.19.2&#8243; _module_preset=&#8221;default&#8221; global_colors_info=&#8221;{}&#8221;][et_pb_image src=&#8221;https:\/\/barthaapartman.hu\/wp-content\/uploads\/2023\/05\/bartha-apartman-balaton-fonyod-kutya.jpg&#8221; title_text=&#8221;bartha-apartman-balaton-fonyod-kutya&#8221; _builder_version=&#8221;4.19.2&#8243; _module_preset=&#8221;default&#8221; global_colors_info=&#8221;{}&#8221;][\/et_pb_image][\/et_pb_column][\/et_pb_row][et_pb_row _builder_version=&#8221;4.19.2&#8243; _module_preset=&#8221;default&#8221; global_colors_info=&#8221;{}&#8221;][et_pb_column type=&#8221;4_4&#8243; _builder_version=&#8221;4.19.2&#8243; _module_preset=&#8221;default&#8221; global_colors_info=&#8221;{}&#8221;][et_pb_image src=&#8221;https:\/\/barthaapartman.hu\/wp-content\/uploads\/2023\/05\/Nyaralohaz-Naptar.png&#8221; title_text=&#8221;Nyaral\u00f3h\u00e1z Napt\u00e1r&#8221; _builder_version=&#8221;4.19.2&#8243; _module_preset=&#8221;default&#8221; global_colors_info=&#8221;{}&#8221;][\/et_pb_image][\/et_pb_column][\/et_pb_row][\/et_pb_section]<\/p>\n","protected":false},"excerpt":{"rendered":"<p>A Bartha Nyaral\u00f3h\u00e1z Fony\u00f3d \u00fcd\u00fcl\u0151\u00f6vezet\u00e9ben, a Balaton d\u00e9li partj\u00e1n, a szabad strandt\u00f3l 200 m-re fekszik. Fony\u00f3d k\u00f6zpontja 800 m-re tal\u00e1lhat\u00f3, ahol sz\u00e1mos sz\u00f3rakoz\u00e1si \u00e9s kikapcsol\u00f3d\u00e1si lehet\u0151s\u00e9g v\u00e1rja l\u00e1togat\u00f3it. A nyaral\u00f3h\u00e1zt\u00f3l mind\u00f6ssze 5 perc gyalogl\u00e1ssal ingyenes strandol\u00e1si lehet\u0151s\u00e9g k\u00edn\u00e1lkozik. Apartman h\u00e1zunk egy k\u00fcl\u00f6n\u00e1ll\u00f3 \u00e9p\u00fclet, amely a vend\u00e9gh\u00e1zunk mellett tal\u00e1lhat\u00f3. Modern, t\u00e1gas h\u00e1z 6-8 f\u0151 r\u00e9sz\u00e9re kiad\u00f3. [&hellip;]<\/p>\n","protected":false},"author":1,"featured_media":0,"parent":0,"menu_order":1,"comment_status":"closed","ping_status":"closed","template":"","meta":{"_et_pb_use_builder":"on","_et_pb_old_content":"","_et_gb_content_width":""},"_links":{"self":[{"href":"https:\/\/barthaapartman.hu\/index.php\/wp-json\/wp\/v2\/pages\/5"}],"collection":[{"href":"https:\/\/barthaapartman.hu\/index.php\/wp-json\/wp\/v2\/pages"}],"about":[{"href":"https:\/\/barthaapartman.hu\/index.php\/wp-json\/wp\/v2\/types\/page"}],"author":[{"embeddable":true,"href":"https:\/\/barthaapartman.hu\/index.php\/wp-json\/wp\/v2\/users\/1"}],"replies":[{"embeddable":true,"href":"https:\/\/barthaapartman.hu\/index.php\/wp-json\/wp\/v2\/comments?post=5"}],"version-history":[{"count":27,"href":"https:\/\/barthaapartman.hu\/index.php\/wp-json\/wp\/v2\/pages\/5\/revisions"}],"predecessor-version":[{"id":303,"href":"https:\/\/barthaapartman.hu\/index.php\/wp-json\/wp\/v2\/pages\/5\/revisions\/303"}],"wp:attachment":[{"href":"https:\/\/barthaapartman.hu\/index.php\/wp-json\/wp\/v2\/media?parent=5"}],"curies":[{"name":"wp","href":"https:\/\/api.w.org\/{rel}","templated":true}]}}