{"id":8,"date":"2023-04-30T08:59:01","date_gmt":"2023-04-30T08:59:01","guid":{"rendered":"https:\/\/barthaapartman.hu\/?page_id=8"},"modified":"2023-07-02T18:49:08","modified_gmt":"2023-07-02T18:49:08","slug":"vendeghaz","status":"publish","type":"page","link":"https:\/\/barthaapartman.hu\/index.php\/vendeghaz\/","title":{"rendered":"Vend\u00e9gh\u00e1z"},"content":{"rendered":"<p>[et_pb_section fb_built=&#8221;1&#8243; _builder_version=&#8221;4.19.2&#8243; _module_preset=&#8221;default&#8221; custom_margin=&#8221;||0px||false|false&#8221; custom_padding=&#8221;||0px||false|false&#8221; global_colors_info=&#8221;{}&#8221;][et_pb_row _builder_version=&#8221;4.19.2&#8243; _module_preset=&#8221;default&#8221; custom_margin=&#8221;0px||0px||true|false&#8221; custom_padding=&#8221;0px||0px||true|false&#8221; global_colors_info=&#8221;{}&#8221;][et_pb_column type=&#8221;4_4&#8243; _builder_version=&#8221;4.19.2&#8243; _module_preset=&#8221;default&#8221; global_colors_info=&#8221;{}&#8221;][et_pb_text _builder_version=&#8221;4.19.2&#8243; _module_preset=&#8221;default&#8221; global_colors_info=&#8221;{}&#8221;]<\/p>\n<div class=\"et_pb_column et_pb_column_4_4 et_pb_column_0  et_pb_css_mix_blend_mode_passthrough et-last-child\">\n<div class=\"et_pb_module et_pb_text et_pb_text_0  et_pb_text_align_left et_pb_bg_layout_light\">\n<div class=\"et_pb_text_inner\">\n<p style=\"text-align: justify;\">A Bartha Vend\u00e9gh\u00e1z Fony\u00f3d \u00fcd\u00fcl\u0151\u00f6vezet\u00e9ben, a <strong>Balaton<\/strong> d\u00e9li partj\u00e1n, a <strong>szabad strandt\u00f3l 200 m<\/strong>-re fekszik. <strong>Fony\u00f3d k\u00f6zpontja 800 m<\/strong>-re tal\u00e1lhat\u00f3, ahol sz\u00e1mos sz\u00f3rakoz\u00e1si \u00e9s kikapcsol\u00f3d\u00e1si lehet\u0151s\u00e9g v\u00e1rja l\u00e1togat\u00f3it. A vend\u00e9gh\u00e1zt\u00f3l mind\u00f6ssze 5 perc gyalogl\u00e1ssal <strong>ingyenes<\/strong> <strong>strandol\u00e1si lehet\u0151s\u00e9g<\/strong> k\u00edn\u00e1lkozik. Modern, t\u00e1gas h\u00e1z<strong> 8-12 f\u0151 r\u00e9sz\u00e9re<\/strong>. A h\u00e1z k\u00fcl\u00f6n bej\u00e1rat\u00fa fels\u0151 szintje kiad\u00f3, ide\u00e1lis csal\u00e1dok \u00e9s bar\u00e1ti t\u00e1rsas\u00e1gok r\u00e9sz\u00e9re.\u00a0 <strong>Ingyenes WIFI<\/strong> \u00e9s opcion\u00e1lis <strong>kl\u00edmahaszn\u00e1lat<\/strong> biztos\u00edtja, hogy a Bartha Vend\u00e9gh\u00e1zban semmiben ne szenvedjen hi\u00e1nyt.<\/p>\n<\/div>\n<\/div>\n<\/div>\n<p>[\/et_pb_text][\/et_pb_column][\/et_pb_row][et_pb_row _builder_version=&#8221;4.19.2&#8243; _module_preset=&#8221;default&#8221; global_colors_info=&#8221;{}&#8221;][et_pb_column type=&#8221;4_4&#8243; _builder_version=&#8221;4.19.2&#8243; _module_preset=&#8221;default&#8221; global_colors_info=&#8221;{}&#8221;][et_pb_gallery gallery_ids=&#8221;308,307,312,309,305,310,74,306,72,77,76,75&#8243; posts_number=&#8221;12&#8243; show_title_and_caption=&#8221;off&#8221; _builder_version=&#8221;4.19.2&#8243; _module_preset=&#8221;default&#8221; hover_enabled=&#8221;0&#8243; global_colors_info=&#8221;{}&#8221; sticky_enabled=&#8221;0&#8243;][\/et_pb_gallery][\/et_pb_column][\/et_pb_row][et_pb_row _builder_version=&#8221;4.19.2&#8243; _module_preset=&#8221;default&#8221; custom_margin=&#8221;0px||0px||true|false&#8221; custom_padding=&#8221;0px||0px||true|false&#8221; global_colors_info=&#8221;{}&#8221;][et_pb_column type=&#8221;4_4&#8243; _builder_version=&#8221;4.19.2&#8243; _module_preset=&#8221;default&#8221; global_colors_info=&#8221;{}&#8221;][et_pb_text content_tablet=&#8221;<\/p>\n<p style=%22text-align: center;%22><strong><span>Vend\u00e9gh\u00e1zunk 8 &#8211; 12 f\u0151 r\u00e9sz\u00e9re kiad\u00f3<\/span><\/strong><\/p>\n<p style=%22text-align: left; padding-left: 280px;%22><strong><span><\/span><\/strong><strong><span><\/span><\/strong><span><\/span><span>\u2013 K\u00f6z\u00f6s konyha t\u00e1gas \u00e9tkez\u0151vel (4 h\u0171t\u0151szekr\u00e9ny, k\u00e1v\u00e9f\u0151z\u0151, mikro, g\u00e1zt\u0171zhely, konyhai felszerel\u00e9sek)<br \/>\u2013 4 db f\u00fcrd\u0151szoba zuhanyz\u00f3val<br \/>\u2013 4 db h\u00e1rom\u00e1gyas szoba (LED TV)<br \/>\u2013 4 erk\u00e9ly<br \/><\/span><span>\u2013 Ajt\u00f3kon \u00e9s ablakokon sz\u00fanyogh\u00e1l\u00f3<br \/>\u2013 M\u0171anyag ny\u00edl\u00e1sz\u00e1r\u00f3kon h\u0151v\u00e9d\u0151 f\u00f3lia \u00e9s red\u0151ny<br \/>\u2013 Ingyenes WIFI lehet\u0151s\u00e9g<br \/>\u2013 Opcion\u00e1lis kl\u00edmahaszn\u00e1lat<br \/>\u2013 Terasz<\/span><\/p>\n<p style=%22text-align: center;%22>Sz\u00e9pen gondozott kertben grillez\u00e9si, bogr\u00e1csoz\u00e1si \u00e9s t\u00e1rcs\u00e1z\u00e1si lehet\u0151s\u00e9g \u00e1ll a vend\u00e9gek rendelkez\u00e9s\u00e9re.<\/p>\n<p style=%22text-align: center;%22>Az aut\u00f3k sz\u00e1m\u00e1ra<strong> z\u00e1rt parkol\u00e1si lehet\u0151s\u00e9g<\/strong> biztos\u00edtott az udvarban.<\/p>\n<p style=%22text-align: center;%22><span>A sz\u00e1ll\u00e1sad\u00f3 a vend\u00e9gh\u00e1z als\u00f3 szintj\u00e9n lakik.<\/span><\/p>\n<p style=%22text-align: center;%22><strong>Szeretettel v\u00e1runk minden kedves pihenni v\u00e1gy\u00f3 vend\u00e9get!<\/strong><\/p>\n<p>&#8221; content_phone=&#8221;<\/p>\n<p style=%22text-align: center;%22><strong><span>Vend\u00e9gh\u00e1zunk 8 &#8211; 12 f\u0151 r\u00e9sz\u00e9re kiad\u00f3<\/span><\/strong><\/p>\n<p style=%22text-align: left;%22><strong><span><\/span><\/strong><strong><span><\/span><\/strong><span><\/span><span>\u2013 K\u00f6z\u00f6s konyha t\u00e1gas \u00e9tkez\u0151vel (4 h\u0171t\u0151szekr\u00e9ny, k\u00e1v\u00e9f\u0151z\u0151, mikro, g\u00e1zt\u0171zhely, konyhai felszerel\u00e9sek)<br \/>\u2013 4 db f\u00fcrd\u0151szoba zuhanyz\u00f3val<br \/>\u2013 4 db h\u00e1rom\u00e1gyas szoba (LED TV)<br \/>\u2013 4 erk\u00e9ly<br \/><\/span><span>\u2013 Ajt\u00f3kon \u00e9s ablakokon sz\u00fanyogh\u00e1l\u00f3<br \/>\u2013 M\u0171anyag ny\u00edl\u00e1sz\u00e1r\u00f3kon h\u0151v\u00e9d\u0151 f\u00f3lia \u00e9s red\u0151ny<br \/>\u2013 Ingyenes WIFI lehet\u0151s\u00e9g<br \/>\u2013 Opcion\u00e1lis kl\u00edmahaszn\u00e1lat<br \/>\u2013 Terasz<\/span><\/p>\n<p style=%22text-align: center;%22>Sz\u00e9pen gondozott kertben grillez\u00e9si, bogr\u00e1csoz\u00e1si \u00e9s t\u00e1rcs\u00e1z\u00e1si lehet\u0151s\u00e9g \u00e1ll a vend\u00e9gek rendelkez\u00e9s\u00e9re.<\/p>\n<p style=%22text-align: center;%22>Az aut\u00f3k sz\u00e1m\u00e1ra<strong> z\u00e1rt parkol\u00e1si lehet\u0151s\u00e9g<\/strong> biztos\u00edtott az udvarban.<\/p>\n<p style=%22text-align: center;%22><span>A sz\u00e1ll\u00e1sad\u00f3 a vend\u00e9gh\u00e1z als\u00f3 szintj\u00e9n lakik.<\/span><\/p>\n<p style=%22text-align: center;%22><strong>Szeretettel v\u00e1runk minden kedves pihenni v\u00e1gy\u00f3 vend\u00e9get!<\/strong><\/p>\n<p>&#8221; content_last_edited=&#8221;on|phone&#8221; _builder_version=&#8221;4.19.2&#8243; _module_preset=&#8221;default&#8221; custom_margin=&#8221;||||false|false&#8221; global_colors_info=&#8221;{}&#8221;]<\/p>\n<p style=\"text-align: center;\"><strong><span>Vend\u00e9gh\u00e1zunk 8 &#8211; 12 f\u0151 r\u00e9sz\u00e9re kiad\u00f3<\/span><\/strong><\/p>\n<p style=\"text-align: left; padding-left: 280px;\"><strong><span><\/span><\/strong><strong><span><\/span><\/strong><span><\/span><span>\u2013 K\u00f6z\u00f6s konyha t\u00e1gas \u00e9tkez\u0151vel (4 h\u0171t\u0151szekr\u00e9ny, k\u00e1v\u00e9f\u0151z\u0151, mikro, g\u00e1zt\u0171zhely, konyhai felszerel\u00e9sek)<br \/>\u2013 4 db f\u00fcrd\u0151szoba zuhanyz\u00f3val<br \/>\u2013 4 db h\u00e1rom\u00e1gyas szoba (LED TV)<br \/>\u2013 4 erk\u00e9ly<br \/><\/span><span>\u2013 Ajt\u00f3kon \u00e9s ablakokon sz\u00fanyogh\u00e1l\u00f3<br \/>\u2013 M\u0171anyag ny\u00edl\u00e1sz\u00e1r\u00f3kon h\u0151v\u00e9d\u0151 f\u00f3lia \u00e9s red\u0151ny<br \/>\u2013 Ingyenes WIFI lehet\u0151s\u00e9g<br \/>\u2013 Opcion\u00e1lis kl\u00edmahaszn\u00e1lat<br \/>\u2013 Terasz<\/span><\/p>\n<p style=\"text-align: center;\">Sz\u00e9pen gondozott kertben grillez\u00e9si, bogr\u00e1csoz\u00e1si \u00e9s t\u00e1rcs\u00e1z\u00e1si lehet\u0151s\u00e9g \u00e1ll a vend\u00e9gek rendelkez\u00e9s\u00e9re.<\/p>\n<p style=\"text-align: center;\">Az aut\u00f3k sz\u00e1m\u00e1ra<strong> z\u00e1rt parkol\u00e1si lehet\u0151s\u00e9g<\/strong> biztos\u00edtott az udvarban.<\/p>\n<p style=\"text-align: center;\"><span>A sz\u00e1ll\u00e1sad\u00f3 a vend\u00e9gh\u00e1z als\u00f3 szintj\u00e9n lakik.<\/span><\/p>\n<p style=\"text-align: center;\"><strong>Szeretettel v\u00e1runk minden kedves pihenni v\u00e1gy\u00f3 vend\u00e9get!<\/strong><\/p>\n<p>[\/et_pb_text][\/et_pb_column][\/et_pb_row][et_pb_row column_structure=&#8221;1_6,1_6,1_6,1_6,1_6,1_6&#8243; _builder_version=&#8221;4.19.2&#8243; _module_preset=&#8221;default&#8221; global_colors_info=&#8221;{}&#8221;][et_pb_column type=&#8221;1_6&#8243; _builder_version=&#8221;4.19.2&#8243; _module_preset=&#8221;default&#8221; global_colors_info=&#8221;{}&#8221;][et_pb_image src=&#8221;https:\/\/barthaapartman.hu\/wp-content\/uploads\/2023\/05\/bartha-apartman-balaton-fonyod-zart-parkolas.jpg&#8221; title_text=&#8221;bartha-apartman-balaton-fonyod-zart-parkolas&#8221; _builder_version=&#8221;4.19.2&#8243; _module_preset=&#8221;default&#8221; global_colors_info=&#8221;{}&#8221;][\/et_pb_image][\/et_pb_column][et_pb_column type=&#8221;1_6&#8243; _builder_version=&#8221;4.19.2&#8243; _module_preset=&#8221;default&#8221; global_colors_info=&#8221;{}&#8221;][et_pb_image src=&#8221;https:\/\/barthaapartman.hu\/wp-content\/uploads\/2023\/05\/bartha-apartman-balaton-fonyod-strand-furdozes-szabad-strand.jpg&#8221; title_text=&#8221;bartha-apartman-balaton-fonyod-strand-furdozes-szabad-strand&#8221; _builder_version=&#8221;4.19.2&#8243; _module_preset=&#8221;default&#8221; global_colors_info=&#8221;{}&#8221;][\/et_pb_image][\/et_pb_column][et_pb_column type=&#8221;1_6&#8243; _builder_version=&#8221;4.19.2&#8243; _module_preset=&#8221;default&#8221; global_colors_info=&#8221;{}&#8221;][et_pb_image src=&#8221;https:\/\/barthaapartman.hu\/wp-content\/uploads\/2023\/05\/bartha-apartman-balaton-fonyod-szunyogmentes.jpg&#8221; title_text=&#8221;bartha-apartman-balaton-fonyod-szunyogmentes&#8221; _builder_version=&#8221;4.19.2&#8243; _module_preset=&#8221;default&#8221; global_colors_info=&#8221;{}&#8221;][\/et_pb_image][\/et_pb_column][et_pb_column type=&#8221;1_6&#8243; _builder_version=&#8221;4.19.2&#8243; _module_preset=&#8221;default&#8221; global_colors_info=&#8221;{}&#8221;][et_pb_image src=&#8221;https:\/\/barthaapartman.hu\/wp-content\/uploads\/2023\/05\/bartha-apartman-balaton-fonyod-ingyen-wifi.jpg&#8221; title_text=&#8221;bartha-apartman-balaton-fonyod-ingyen-wifi&#8221; _builder_version=&#8221;4.19.2&#8243; _module_preset=&#8221;default&#8221; global_colors_info=&#8221;{}&#8221;][\/et_pb_image][\/et_pb_column][et_pb_column type=&#8221;1_6&#8243; _builder_version=&#8221;4.19.2&#8243; _module_preset=&#8221;default&#8221; global_colors_info=&#8221;{}&#8221;][et_pb_image src=&#8221;https:\/\/barthaapartman.hu\/wp-content\/uploads\/2023\/05\/bartha-apartman-balaton-fonyod-bogracs-grill.jpg&#8221; title_text=&#8221;bartha-apartman-balaton-fonyod-bogracs-grill&#8221; _builder_version=&#8221;4.19.2&#8243; _module_preset=&#8221;default&#8221; global_colors_info=&#8221;{}&#8221;][\/et_pb_image][\/et_pb_column][et_pb_column type=&#8221;1_6&#8243; _builder_version=&#8221;4.19.2&#8243; _module_preset=&#8221;default&#8221; global_colors_info=&#8221;{}&#8221;][et_pb_image src=&#8221;https:\/\/barthaapartman.hu\/wp-content\/uploads\/2023\/05\/bartha-apartman-balaton-fonyod-kutya.jpg&#8221; title_text=&#8221;bartha-apartman-balaton-fonyod-kutya&#8221; _builder_version=&#8221;4.19.2&#8243; _module_preset=&#8221;default&#8221; global_colors_info=&#8221;{}&#8221;][\/et_pb_image][\/et_pb_column][\/et_pb_row][et_pb_row _builder_version=&#8221;4.19.2&#8243; _module_preset=&#8221;default&#8221; global_colors_info=&#8221;{}&#8221;][et_pb_column type=&#8221;4_4&#8243; _builder_version=&#8221;4.19.2&#8243; _module_preset=&#8221;default&#8221; global_colors_info=&#8221;{}&#8221;][et_pb_image src=&#8221;https:\/\/barthaapartman.hu\/wp-content\/uploads\/2023\/05\/Vendeghaz-Naptar.png&#8221; title_text=&#8221;Vend\u00e9gh\u00e1z Napt\u00e1r&#8221; _builder_version=&#8221;4.19.2&#8243; _module_preset=&#8221;default&#8221; global_colors_info=&#8221;{}&#8221;][\/et_pb_image][\/et_pb_column][\/et_pb_row][\/et_pb_section]<\/p>\n","protected":false},"excerpt":{"rendered":"<p>A Bartha Vend\u00e9gh\u00e1z Fony\u00f3d \u00fcd\u00fcl\u0151\u00f6vezet\u00e9ben, a Balaton d\u00e9li partj\u00e1n, a szabad strandt\u00f3l 200 m-re fekszik. Fony\u00f3d k\u00f6zpontja 800 m-re tal\u00e1lhat\u00f3, ahol sz\u00e1mos sz\u00f3rakoz\u00e1si \u00e9s kikapcsol\u00f3d\u00e1si lehet\u0151s\u00e9g v\u00e1rja l\u00e1togat\u00f3it. A vend\u00e9gh\u00e1zt\u00f3l mind\u00f6ssze 5 perc gyalogl\u00e1ssal ingyenes strandol\u00e1si lehet\u0151s\u00e9g k\u00edn\u00e1lkozik. Modern, t\u00e1gas h\u00e1z 8-12 f\u0151 r\u00e9sz\u00e9re. A h\u00e1z k\u00fcl\u00f6n bej\u00e1rat\u00fa fels\u0151 szintje kiad\u00f3, ide\u00e1lis csal\u00e1dok \u00e9s bar\u00e1ti [&hellip;]<\/p>\n","protected":false},"author":1,"featured_media":0,"parent":0,"menu_order":2,"comment_status":"closed","ping_status":"closed","template":"","meta":{"_et_pb_use_builder":"on","_et_pb_old_content":"","_et_gb_content_width":""},"_links":{"self":[{"href":"https:\/\/barthaapartman.hu\/index.php\/wp-json\/wp\/v2\/pages\/8"}],"collection":[{"href":"https:\/\/barthaapartman.hu\/index.php\/wp-json\/wp\/v2\/pages"}],"about":[{"href":"https:\/\/barthaapartman.hu\/index.php\/wp-json\/wp\/v2\/types\/page"}],"author":[{"embeddable":true,"href":"https:\/\/barthaapartman.hu\/index.php\/wp-json\/wp\/v2\/users\/1"}],"replies":[{"embeddable":true,"href":"https:\/\/barthaapartman.hu\/index.php\/wp-json\/wp\/v2\/comments?post=8"}],"version-history":[{"count":15,"href":"https:\/\/barthaapartman.hu\/index.php\/wp-json\/wp\/v2\/pages\/8\/revisions"}],"predecessor-version":[{"id":313,"href":"https:\/\/barthaapartman.hu\/index.php\/wp-json\/wp\/v2\/pages\/8\/revisions\/313"}],"wp:attachment":[{"href":"https:\/\/barthaapartman.hu\/index.php\/wp-json\/wp\/v2\/media?parent=8"}],"curies":[{"name":"wp","href":"https:\/\/api.w.org\/{rel}","templated":true}]}}